{"id":7173,"date":"2021-02-07T15:22:10","date_gmt":"2021-02-07T14:22:10","guid":{"rendered":"https:\/\/coachin.at\/respirar\/"},"modified":"2021-02-07T15:22:10","modified_gmt":"2021-02-07T14:22:10","slug":"respirar","status":"publish","type":"page","link":"https:\/\/coachin.at\/es\/respirar\/","title":{"rendered":"RESPIRAR"},"content":{"rendered":"<p>[vc_row][vc_column][vc_custom_heading text=\u00bbATMEN se orienta a las necesidades individuales, es decir, diferentes t\u00e9cnicas y m\u00e9todos est\u00e1n listos para usted.\u00bb][vc_column_text]<\/p>\n<p class=\"western\"><strong><span style=\"font-size: large;\">\u00bfPor qu\u00e9 respiramos? ATEM es VIDA.<\/span><\/strong><span style=\"font-size: large;\"><br \/>\n<\/span><\/p>\n<p class=\"western\"><span style=\"font-size: large;\">Sin respirar, no podr\u00edamos vivir. E<\/span><span style=\"font-size: large;\">es algo tan natural y amplio, y a pesar de todo, lo olvidamos,<\/span><\/p>\n<p class=\"western\"><span style=\"font-size: large;\">A menudo no somos conscientes en absoluto de nuestros ATEMS. <\/span><span style=\"font-size: large;\">El aliento es nuestra maquinaria vital y <\/span><span style=\"font-size: large;\">nos mantiene vivos.<\/span><\/p>\n<p class=\"western\"><span style=\"font-size: large;\">Desde nuestro primer aliento hasta nuestro \u00faltimo aliento en este planeta tierra &#8211; <\/span><span style=\"font-size: large;\">no hay nada m\u00e1s hermoso.<\/span><\/p>\n<p class=\"western\"><span style=\"font-size: large;\">As\u00ed que incluso cuando somos beb\u00e9s venimos al mundo con una profunda respiraci\u00f3n abdominal,<\/span><span style=\"font-size: large;\">de forma bastante natural respiramos profundamente,<\/span><span style=\"font-size: large;\">desde la apertura de la boca,<\/span><span style=\"font-size: large;\">hasta el vientre,<\/span><\/p>\n<p>.<\/p>\n<p class=\"western\"><span style=\"font-size: large;\">Ah\u00ed donde est\u00e1 la intuici\u00f3n,<\/span><\/p>\n<p class=\"western\"><span style=\"font-size: large;\">Donde est\u00e1 la confianza primaria,<\/span><\/p>\n<p class=\"western\"><span style=\"font-size: large;\">Donde est\u00e1 el sentimiento,<\/span><\/p>\n<p class=\"western\"><span style=\"font-size: large;\">Donde est\u00e1 la emoci\u00f3n,<\/span><\/p>\n<p class=\"western\"><span style=\"font-size: large;\">donde est\u00e1 la vida,<\/span><span style=\"font-size: large;\">de la que todo emana,<\/span><\/p>\n<p> pues no en vano se llama tan bellamente.<\/p>\n<p class=\"western\"><span style=\"font-size: large;\">Actuamos por instinto, \u00bfverdad<\/span><\/p>\n<p>.<\/p>\n<p class=\"western\"><span style=\"font-size: large;\">Como<\/span><span style=\"font-size: large;\">a menudo ocurre<\/span><span style=\"font-size: large;\">sin embargo<\/span><span style=\"font-size: large;\">que contenemos la respiraci\u00f3n,<\/span><span style=\"font-size: large;\">esto puede suceder por una variedad de razones<\/span><span style=\"font-size: large;\">:<\/span><\/p>\n<p class=\"western\"><span style=\"font-size: large;\">Porque hacemos una pausa <\/span><span style=\"font-size: large;\">y <\/span><span style=\"font-size: large;\">escuchar o bien, que en la mayor\u00eda de los casos sucede porque algo nos quita el aliento,<\/span><span style=\"font-size: large;\">as\u00ed que mayormente <\/span><span style=\"font-size: large;\">influencias externas<\/span><\/p>\n<p>.<\/p>\n<p class=\"western\"><span style=\"font-size: large;\">como alguna experiencia,<\/span><span style=\"font-size: large;\">una sorpresa, una experiencia en la naturaleza<\/span><span style=\"font-size: large;\">es<\/span><span style=\"font-size: large;\">como una puesta de sol por ejemplo, el aroma de una flor,<\/span><\/p>\n<p class=\"western\"><span style=\"font-size: large;\">el sonido de un instrumento o de una voz, <\/span><span style=\"font-size: large;\">el sabor de una fruta<\/span><\/p>\n<p>.<\/p>\n<p class=\"western\"><span style=\"font-size: large;\">As\u00ed que, despu\u00e9s de todo, hablamos de una belleza impresionante. <\/span><\/p>\n<p><p class=\"western\"><span style=\"font-size: large;\">Hay <\/span><span style=\"font-size: large;\">pero <\/span><span style=\"font-size: large;\">tambi\u00e9n<\/span><span style=\"font-size: large;\">experiencias menos alegres<\/span><span style=\"font-size: large;\">y por tanto experiencias, como. <\/span><\/p>\n<p><p class=\"western\"><span style=\"font-size: large;\">Los accidentes, los golpes, la aparici\u00f3n de un trauma&#8230; todo tipo de cosas pueden dejarnos sin aliento y ponernos en desequilibrio. <\/span><span style=\"font-size: large;\">&#8211; Esto es causado por las funciones del sistema nervioso &#8211; como las reacciones al estr\u00e9s, el miedo, etc. se distingue entre lucha, huida, congelaci\u00f3n y persistencia.<\/span><\/p>\n<p>.<\/p>\n<p class=\"western\"><span style=\"font-size: large;\">S<span><span style=\"font-size: large;\">as\u00ed que literalmente nos separamos cada vez m\u00e1s de nuestros sentimientos,<\/span><span style=\"font-size: large;\">nos separamos de nuestras emociones que podr\u00edamos actuar. <\/span><\/p>\n<p class=\"western\"><span style=\"font-size: large;\">Nos aislamos de nuestro mundo emocional &#8211;<\/span><span style=\"font-size: large;\">consciente o inconscientemente para dejar de sentir algo. <\/span><\/p>\n<p class=\"western\"><span style=\"font-size: large;\">Justificadamente surge la<\/span><span style=\"font-size: large;\">pregunta, \u00bfqu\u00e9 puedo hacer con estas cosas<\/span><span style=\"font-size: large;\">n y<\/span><span style=\"font-size: large;\">la respuesta<\/span><span style=\"font-size: large;\">a eso es muy simple:<\/span><\/p>\n<p class=\"western\"><strong><span style=\"font-size: large;\">ATMEN<\/span><\/strong><\/p>\n<p class=\"western\"><strong><span style=\"font-size: large;\">Es as\u00ed de sencillo.<br \/>\n<\/span><\/strong><\/p>\n<p class=\"western\"><span style=\"font-size: large;\"><strong>ATMEN ES.<\/strong> <\/span><\/p>\n<p class=\"western\"><span style=\"font-size: large;\">Y puedes trabajar esa conciencia de nuevo en tu velocidad. \u00bfSe ha olvidado (como la mayor\u00eda de la gente, por cierto) de respirar de verdad y profundamente en su vientre<\/span><span style=\"font-size: large;\">un <\/span><span style=\"font-size: large;\">respiraci\u00f3n? \u00bfY no s\u00f3lo jadea superficialmente y persiste en la respiraci\u00f3n tor\u00e1cica? \u00a0\u00a0 <\/span><\/p>\n<p class=\"western\"><span style=\"font-size: large;\">Yo, Nika Feist, puedo acompa\u00f1ar di<\/span><span style=\"font-size: large;\">me.<\/span><\/p>\n<p class=\"western\"><span style=\"font-size: large;\">Soy entrenador de aliento<\/span><span style=\"font-size: large;\">y puedo<\/span><span style=\"font-size: large;\">te mostrar\u00e1 c\u00f3mo<\/span><span style=\"font-size: large;\">encontrar<\/span><span style=\"font-size: large;\">tu ritmo y tempo de respiraci\u00f3n de nuevo,<\/span><\/p>\n<p class=\"western\"><span style=\"font-size: large;\">Toma un respiro en tu mundo emocional y respira todo.<br \/>\n<\/span><\/p>\n<p class=\"western\"><span style=\"font-size: large;\">Esa es la belleza de esta respiraci\u00f3n, de los diferentes ejercicios de respiraci\u00f3n, para acercarte a tu conciencia, para percibir tu cuerpo de nuevo o m\u00e1s intensamente. Hasta llegar a la respiraci\u00f3n abdominal profunda, en la que puedes exhalar todo lo que se ha comportado, detenido, bloqueado, cruzado en tu sistema. Sin <\/span><span style=\"font-size: large;\">tener que hablar a lo grande de ello (de sus asuntos conscientes o incluso (todav\u00eda) inconscientes). <\/span><\/p>\n<p class=\"western\"><span style=\"font-size: large;\">Por supuesto, existen formas complementarias de terapia y tratamiento que pueden apoyarle y ayudarle adicionalmente. <\/span><\/p>\n<p class=\"western\"><span style=\"font-size: large;\">Lo importante es dar el primer paso. Si quieres pasar a la acci\u00f3n, entonces respira,<\/span><span style=\"font-size: large;\">te invito a hacerlo,<\/span><span style=\"font-size: large;\">respira conmigo. <\/span><\/p>\n<p class=\"western\"><span style=\"font-size: large;\">Yo <span><span style=\"font-size: large;\">te gu\u00edo para que utilices una gran variedad de t\u00e9cnicas de respiraci\u00f3n y consigas sentir tu respiraci\u00f3n y tu cuerpoin, tu recipiente. <\/span><\/p>\n<p class=\"western\"><span style=\"font-size: large;\">Para la respiraci\u00f3n profunda del vientre, respiraremos seg\u00fan la<\/span><span style=\"font-size: large;\">t\u00e9cnica seg\u00fan Your Breath Coach (R), impulsada por Anne Wolnik, Victory Academy, Amun Ra. <\/span><\/p>\n<p class=\"western\"><span style=\"font-size: large;\">Si quieres saber m\u00e1s <\/span><span style=\"font-size: large;\">sobre mi forma de guiarte<\/span><span style=\"font-size: large;\">ponte en contacto para una consulta gratuita<\/span><span style=\"font-size: large;\">.\u00a0 Atentamente<\/span><span style=\"font-size: large;\">Nika Feist<\/span><\/p>\n<p>.<br \/>\n&nbsp;<\/p>\n<h4><strong>\u00bfQu\u00e9 es exactamente la respiraci\u00f3n abdominal profunda?<\/strong><\/h4>\n<p>.<br \/>\nCuando somos beb\u00e9s, todos mantenemos una respiraci\u00f3n abdominal profunda, que sucesivamente perdemos, desaprendemos,<br \/>\nExperimentamos m\u00e1s y m\u00e1s y obtenemos huellas, comportamientos, patrones, tensiones &#8211; esto lleva a irregularidades en la respiraci\u00f3n y a una respiraci\u00f3n superficial&#8230;<br \/>\nEsta respiraci\u00f3n superficial e \u00abinsuficiente\u00bb puede constre\u00f1ir e influir negativamente, afectando a menudo a la circulaci\u00f3n, el metabolismo, el sistema nervioso, la digesti\u00f3n, los \u00f3rganos, el comportamiento del sue\u00f1o y mucho m\u00e1s.<br \/>\nAprende a respirar correctamente y de forma original.<br \/>\nEncuentre su ritmo y su paso. Aprende a concentrarte a trav\u00e9s de la respiraci\u00f3n. Encu\u00e9ntrate a ti mismo en la respiraci\u00f3n.<br \/>\nSi\u00e9ntete y si\u00e9ntete (de nuevo) en el centro. Respira a trav\u00e9s de los problemas y las sensibilidades. Hacia la libertad, llevado por tu propia vida ATEM. A trav\u00e9s de la respiraci\u00f3n abdominal profunda con la t\u00e9cnica de Your Breath Coach\u00ae seg\u00fan Anne Wolnik, Victory Academy, Amunra, se puede equilibrar la circulaci\u00f3n, el metabolismo, el sistema nervioso, la digesti\u00f3n, los \u00f3rganos, los patrones de sue\u00f1o, y se pueden trabajar los problemas emocionales con la respiraci\u00f3n. Las posibles emociones que surjan se \u00abrespiran\u00bb, es decir, se respira y se deja SER.<\/p>\n<h4><strong>Resumen -.<br \/>\n<\/strong><\/h4>\n<p><strong>Respirar con la t\u00e9cnica de respiraci\u00f3n abdominal puede: <\/strong>.<\/p>\n<p>&#8211; apoyar los poderes de autocuraci\u00f3n del cuerpo<br \/>\n&#8211; promover la salud en general<\/p>\n<p>o reducir la inquietud interior<br \/>\no fomentar la resiliencia, promover la relajaci\u00f3n &amp; la recuperaci\u00f3n<br \/>\no reforzar y fortalecer el sistema inmunitario<br \/>\no aumentar la capacidad de concentraci\u00f3n<br \/>\n&#8211; Liberar las huellas y los programas de nuestro cuerpo emocional<br \/>\n&#8211; Liberar patrones y comportamientos, miedos y compulsiones de nuestro cuerpo emocional<br \/>\n&#8211; apoyar la disoluci\u00f3n del tema de la vida<br \/>\n&#8211; apoyar la tarea divina del ser actual<br \/>\n&#8211; apoyar la circulaci\u00f3n sangu\u00ednea de los \u00f3rganos<br \/>\n&#8211; ampliar el volumen de los pulmones<br \/>\n&#8211; aclarar y reducir las tensiones<br \/>\n&#8211; despertar y apoyar la percepci\u00f3n del propio cuerpo y del entorno<br \/>\n&#8211; despertar los propios potenciales y hacerlos vivibles<br \/>\n&#8211; fomentar la confianza y la seguridad en s\u00ed mismo<br \/>\n&#8211; para permitir la alegr\u00eda y la calidad de vida<\/p>\n<p>&nbsp;<\/p>\n<p><strong>Respirar con la t\u00e9cnica de respiraci\u00f3n abdominal puede<\/strong>.<\/p>\n<p><strong>Adem\u00e1s de la aclaraci\u00f3n m\u00e9dica, aporte apoyo en las siguientes \u00e1reas:<\/strong><\/p>\n<p>o estr\u00e9s<br \/>\no tinnitus<\/p>\n<p>o trastornos del sue\u00f1o<br \/>\no dolor (cr\u00f3nico y agudo)<\/p>\n<p>o Desequilibrios en el sistema nervioso vegetativo<\/p>\n<p>o Adicciones y dependencias (para la estabilizaci\u00f3n mental y para aliviar el sentimiento de \u00abquerer tener\u00bb)<\/p>\n<p>o S\u00edntomas psicosom\u00e1ticos, como las enfermedades cut\u00e1neas de origen psicosom\u00e1tico, como la neurodermatitis o la psoriasis<\/p>\n<p>&nbsp;<\/p>\n<p><strong>Ajustes posibles:<\/strong><\/p>\n<p><strong>Contextos individuales<\/strong> en mi consulta de Viena o Mallorca.<\/p>\n<p><strong>Ajustes personales de grupo<\/strong> en mi consulta de Viena o Mallorca<\/p>\n<p><strong>Configuraci\u00f3n individual en l\u00ednea desde la comodidad de su hogar<\/strong> a trav\u00e9s de la videotelefon\u00eda\/zoom<\/p>\n<p><strong>Configuraci\u00f3n de grupos online<\/strong> c\u00f3modamente desde casa a trav\u00e9s de videotelefon\u00eda\/zoom<\/p>\n<p>&nbsp;<\/p>\n<p>&nbsp;<\/p>\n<p>Extractos de texto y texto adaptado de Victory Academy por cortes\u00eda de Anne Wolnik, AMUN RA, Victory Academy.<br \/>\n[\/vc_column_text][\/vc_column][\/vc_row]<\/p>\n","protected":false},"excerpt":{"rendered":"<p>[vc_row][vc_column][vc_custom_heading text=\u00bbATMEN se orienta a las necesidades individuales, es decir, diferentes t\u00e9cnicas y m\u00e9todos est\u00e1n listos para usted.\u00bb][vc_column_text] \u00bfPor qu\u00e9 respiramos? ATEM es VIDA. Sin respirar, no podr\u00edamos vivir. Ees [&hellip;]<\/p>\n","protected":false},"author":1,"featured_media":0,"parent":0,"menu_order":0,"comment_status":"closed","ping_status":"closed","template":"","meta":{"footnotes":""},"class_list":["post-7173","page","type-page","status-publish","hentry"],"yoast_head":"<!-- This site is optimized with the Yoast SEO plugin v24.2 - https:\/\/yoast.com\/wordpress\/plugins\/seo\/ -->\n<title>RESPIRAR - Willkommen<\/title>\n<meta name=\"robots\" content=\"index, follow, max-snippet:-1, max-image-preview:large, max-video-preview:-1\" \/>\n<link rel=\"canonical\" href=\"https:\/\/coachin.at\/es\/respirar\/\" \/>\n<meta property=\"og:locale\" content=\"es_ES\" \/>\n<meta property=\"og:type\" content=\"article\" \/>\n<meta property=\"og:title\" content=\"RESPIRAR - Willkommen\" \/>\n<meta property=\"og:description\" content=\"[vc_row][vc_column][vc_custom_heading text=\u00bbATMEN se orienta a las necesidades individuales, es decir, diferentes t\u00e9cnicas y m\u00e9todos est\u00e1n listos para usted.\u00bb][vc_column_text] \u00bfPor qu\u00e9 respiramos? ATEM es VIDA. Sin respirar, no podr\u00edamos vivir. Ees [&hellip;]\" \/>\n<meta property=\"og:url\" content=\"https:\/\/coachin.at\/respirar\/\" \/>\n<meta property=\"og:site_name\" content=\"Willkommen\" \/>\n<meta name=\"twitter:card\" content=\"summary_large_image\" \/>\n<meta name=\"twitter:label1\" content=\"Tiempo de lectura\" \/>\n\t<meta name=\"twitter:data1\" content=\"6 minutos\" \/>\n<script type=\"application\/ld+json\" class=\"yoast-schema-graph\">{\"@context\":\"https:\/\/schema.org\",\"@graph\":[{\"@type\":\"WebPage\",\"@id\":\"https:\/\/coachin.at\/respirar\/\",\"url\":\"https:\/\/coachin.at\/respirar\/\",\"name\":\"RESPIRAR - Willkommen\",\"isPartOf\":{\"@id\":\"https:\/\/coachin.at\/#website\"},\"datePublished\":\"2021-02-07T14:22:10+00:00\",\"dateModified\":\"2021-02-07T14:22:10+00:00\",\"breadcrumb\":{\"@id\":\"https:\/\/coachin.at\/respirar\/#breadcrumb\"},\"inLanguage\":\"es\",\"potentialAction\":[{\"@type\":\"ReadAction\",\"target\":[\"https:\/\/coachin.at\/respirar\/\"]}]},{\"@type\":\"BreadcrumbList\",\"@id\":\"https:\/\/coachin.at\/respirar\/#breadcrumb\",\"itemListElement\":[{\"@type\":\"ListItem\",\"position\":1,\"name\":\"Startseite\",\"item\":\"https:\/\/coachin.at\/es\/\"},{\"@type\":\"ListItem\",\"position\":2,\"name\":\"RESPIRAR\"}]},{\"@type\":\"WebSite\",\"@id\":\"https:\/\/coachin.at\/#website\",\"url\":\"https:\/\/coachin.at\/\",\"name\":\"Willkommen auf coachin.at\",\"description\":\"Cranio, Atmen, Coaching, Channeling\",\"potentialAction\":[{\"@type\":\"SearchAction\",\"target\":{\"@type\":\"EntryPoint\",\"urlTemplate\":\"https:\/\/coachin.at\/?s={search_term_string}\"},\"query-input\":{\"@type\":\"PropertyValueSpecification\",\"valueRequired\":true,\"valueName\":\"search_term_string\"}}],\"inLanguage\":\"es\"}]}<\/script>\n<!-- \/ Yoast SEO plugin. -->","yoast_head_json":{"title":"RESPIRAR - Willkommen","robots":{"index":"index","follow":"follow","max-snippet":"max-snippet:-1","max-image-preview":"max-image-preview:large","max-video-preview":"max-video-preview:-1"},"canonical":"https:\/\/coachin.at\/es\/respirar\/","og_locale":"es_ES","og_type":"article","og_title":"RESPIRAR - Willkommen","og_description":"[vc_row][vc_column][vc_custom_heading text=\u00bbATMEN se orienta a las necesidades individuales, es decir, diferentes t\u00e9cnicas y m\u00e9todos est\u00e1n listos para usted.\u00bb][vc_column_text] \u00bfPor qu\u00e9 respiramos? ATEM es VIDA. Sin respirar, no podr\u00edamos vivir. Ees [&hellip;]","og_url":"https:\/\/coachin.at\/respirar\/","og_site_name":"Willkommen","twitter_card":"summary_large_image","twitter_misc":{"Tiempo de lectura":"6 minutos"},"schema":{"@context":"https:\/\/schema.org","@graph":[{"@type":"WebPage","@id":"https:\/\/coachin.at\/respirar\/","url":"https:\/\/coachin.at\/respirar\/","name":"RESPIRAR - Willkommen","isPartOf":{"@id":"https:\/\/coachin.at\/#website"},"datePublished":"2021-02-07T14:22:10+00:00","dateModified":"2021-02-07T14:22:10+00:00","breadcrumb":{"@id":"https:\/\/coachin.at\/respirar\/#breadcrumb"},"inLanguage":"es","potentialAction":[{"@type":"ReadAction","target":["https:\/\/coachin.at\/respirar\/"]}]},{"@type":"BreadcrumbList","@id":"https:\/\/coachin.at\/respirar\/#breadcrumb","itemListElement":[{"@type":"ListItem","position":1,"name":"Startseite","item":"https:\/\/coachin.at\/es\/"},{"@type":"ListItem","position":2,"name":"RESPIRAR"}]},{"@type":"WebSite","@id":"https:\/\/coachin.at\/#website","url":"https:\/\/coachin.at\/","name":"Willkommen auf coachin.at","description":"Cranio, Atmen, Coaching, Channeling","potentialAction":[{"@type":"SearchAction","target":{"@type":"EntryPoint","urlTemplate":"https:\/\/coachin.at\/?s={search_term_string}"},"query-input":{"@type":"PropertyValueSpecification","valueRequired":true,"valueName":"search_term_string"}}],"inLanguage":"es"}]}},"_links":{"self":[{"href":"https:\/\/coachin.at\/es\/wp-json\/wp\/v2\/pages\/7173","targetHints":{"allow":["GET"]}}],"collection":[{"href":"https:\/\/coachin.at\/es\/wp-json\/wp\/v2\/pages"}],"about":[{"href":"https:\/\/coachin.at\/es\/wp-json\/wp\/v2\/types\/page"}],"author":[{"embeddable":true,"href":"https:\/\/coachin.at\/es\/wp-json\/wp\/v2\/users\/1"}],"replies":[{"embeddable":true,"href":"https:\/\/coachin.at\/es\/wp-json\/wp\/v2\/comments?post=7173"}],"version-history":[{"count":2,"href":"https:\/\/coachin.at\/es\/wp-json\/wp\/v2\/pages\/7173\/revisions"}],"predecessor-version":[{"id":7175,"href":"https:\/\/coachin.at\/es\/wp-json\/wp\/v2\/pages\/7173\/revisions\/7175"}],"wp:attachment":[{"href":"https:\/\/coachin.at\/es\/wp-json\/wp\/v2\/media?parent=7173"}],"curies":[{"name":"wp","href":"https:\/\/api.w.org\/{rel}","templated":true}]}}