{"id":7169,"date":"2021-02-07T15:16:29","date_gmt":"2021-02-07T14:16:29","guid":{"rendered":"https:\/\/coachin.at\/reincornacion\/"},"modified":"2021-02-07T17:08:52","modified_gmt":"2021-02-07T16:08:52","slug":"reincornacion","status":"publish","type":"page","link":"https:\/\/coachin.at\/es\/reincornacion\/","title":{"rendered":"REINCORNACI\u00d3N"},"content":{"rendered":"<p>[vc_row][vc_column][vc_custom_heading text=\u00bbSesiones de reencarnaci\u00f3n\/retorno en un entor\u00bb][vc_column_text]<strong>La \u00abvuelta a la tierra\u00bb del alma<\/strong> suele denominarse <strong>reencarnaci\u00f3n<\/strong> o <strong>renacimiento<\/strong>.<\/p>\n<p>Cuestiones vitales, creencias, comportamientos, convicciones, problemas,?\u00a0 tienen su origen en un tiempo m\u00e1s all\u00e1 de nuestra conciencia. Los acontecimientos salen del inconsciente, no est\u00e1n presentes en la memoria y, por tanto, no se reconocen.<br \/>\nSi se lleva el origen a la experiencia y se comprenden las conexiones, es en primer lugar un gran alivio.<\/p>\n<h4><\/h4>\n<h4 class=\"western\"><b>De qu\u00e9 trata la <b>Sesi\u00f3n de Reencarnaci\u00f3n<\/b><b>:<\/b><\/b><\/h4>\n<p class=\"western\">1) <b>Reconocimiento<\/b>\/descubrimiento de la <b>causa<\/b> del problema, conductas, patrones, enfermedad, etc. mediante la canalizaci\u00f3n<\/p>\n<p class=\"western\">2) La <b>E<\/b><b>experiencia personal de redenci\u00f3n<\/b> v\u00eda regresi\u00f3n y desconexiones energ\u00e9ticas<\/p>\n<p class=\"western\">3) <b>Reemplazar<\/b> lo viejo con una nueva <b>causa positiva<\/b> (como creador) mediante afirmaciones.<\/p>\n<p class=\"western\">4) El <b>efecto directo sobre el ahora-vida<\/b>\/situaci\u00f3n actual se hace viable a trav\u00e9s de la implementaci\u00f3n y acci\u00f3n activa por parte del cliente, posibilitando las condiciones para una vida plena y feliz.<\/p>\n<p class=\"western\">Todo lo que el Alma ha experimentado est\u00e1 almacenado en la <b>memoria celular<\/b>. La memoria celular se puede regrabar\/sobreescribir f\u00e1cilmente como una grabaci\u00f3n en un dispositivo de grabaci\u00f3n.<\/p>\n<p>En este entorno de reencarnaci\u00f3n, trabajamos con el alma. Esto permite que la causa de las dolencias f\u00edsicas, los bloqueos, los s\u00edntomas, etc. se experimenten en los cuerpos del sistema corporal sutil. El alma del propio cliente tiene as\u00ed la extraordinaria oportunidad de expresarse. S\u00ed, para expresar d\u00f3nde est\u00e1 la causa de una perturbaci\u00f3n. Una vez descubierto esto, una desprogramaci\u00f3n o reprogramaci\u00f3n -es decir, una sobreactuaci\u00f3n (ver memoria celular)- puede tener lugar por deseo expreso del cliente y s\u00f3lo mediante el acuerdo expreso del cliente con su alma.<\/p>\n<p>Todo el mundo tiene sus huellas, patrones de comportamiento, creencias, convicciones, que tienen un efecto consciente\/inconsciente en la vida diaria.<br \/>\nEn las sesiones, las causas de las emociones, los sentimientos, los s\u00edntomas de diversos tipos, los patrones de creencias, las huellas, los enredos pueden ser descubiertos, transformados y disueltos, lo que puede conducir a una soluci\u00f3n de la cuesti\u00f3n de la vida individual.<\/p>\n<p>&nbsp;<\/p>\n<h4><strong>Posibilidades a trav\u00e9s de las sesiones de reencarnaci\u00f3n:<\/strong><\/h4>\n<p class=\"western\">Resoluci\u00f3n de traumas, miedos profundos, culpas y adicciones,<\/p>\n<p class=\"western\">Separar sentimientos\/emociones como la ira, la rabia, el resentimiento, el odio, la tristeza,<\/p>\n<p class=\"western\">Disolver patrones de creencias obsoletas, enredos de todo tipo<\/p>\n<p class=\"western\">Superaci\u00f3n de obst\u00e1culos\/barreras en el trabajo y en casa<\/p>\n<p class=\"western\">Superar el des\u00e1nimo, la impotencia.<\/p>\n<p class=\"western\">Transformar la desgana y el letargo en energ\u00eda y empuje renovados<\/p>\n<p class=\"western\">Reducir la imagen negativa de uno mismo,<\/p>\n<p class=\"western\"><strong>Encuentra y recorre tu camino vital<\/strong><\/p>\n<p class=\"western\"><strong>realizar<\/strong> los objetivos y sue\u00f1os de la vida<\/p>\n<p class=\"western\"><strong>Desarrollar<\/strong> vo individualidad y autoconfianza<\/p>\n<p class=\"western\"><strong>Liberar<\/strong> la creatividad y realizar los propios valores y vivirlos<\/p>\n<p class=\"western\">Alegr\u00eda de vivir, autoestima, fuerza, valor, confianza, planes, valores, vivir el camino de la vida<\/p>\n<p class=\"western\">Texto extra\u00eddo o adaptado del texto de Victory Academy por cortes\u00eda de Anne Wolnik, AMUN RA.<\/p>\n<p>Nika Feist, coach de reencarnaci\u00f3n con la t\u00e9cnica lichtbogen\u00ae seg\u00fan Anne Wolnik, Victory Academy macos\/deepLFree.translatedWithDeepL.text[\/vc_column_text][\/vc_column][\/vc_row][vc_row][vc_column][vc_single_image image=\u00bb6694&#8243; img_size=\u00bb200&#215;52&#8243; alignment=\u00bbright\u00bb][\/vc_column][\/vc_row]<\/p>\n","protected":false},"excerpt":{"rendered":"<p>[vc_row][vc_column][vc_custom_heading text=\u00bbSesiones de reencarnaci\u00f3n\/retorno en un entor\u00bb][vc_column_text]La \u00abvuelta a la tierra\u00bb del alma suele denominarse reencarnaci\u00f3n o renacimiento. Cuestiones vitales, creencias, comportamientos, convicciones, problemas,?\u00a0 tienen su origen en un tiempo [&hellip;]<\/p>\n","protected":false},"author":1,"featured_media":0,"parent":0,"menu_order":0,"comment_status":"closed","ping_status":"closed","template":"","meta":{"footnotes":""},"class_list":["post-7169","page","type-page","status-publish","hentry"],"yoast_head":"<!-- This site is optimized with the Yoast SEO plugin v24.2 - https:\/\/yoast.com\/wordpress\/plugins\/seo\/ -->\n<title>REINCORNACI\u00d3N - Willkommen<\/title>\n<meta name=\"robots\" content=\"index, follow, max-snippet:-1, max-image-preview:large, max-video-preview:-1\" \/>\n<link rel=\"canonical\" href=\"https:\/\/coachin.at\/es\/reincornacion\/\" \/>\n<meta property=\"og:locale\" content=\"es_ES\" \/>\n<meta property=\"og:type\" content=\"article\" \/>\n<meta property=\"og:title\" content=\"REINCORNACI\u00d3N - Willkommen\" \/>\n<meta property=\"og:description\" content=\"[vc_row][vc_column][vc_custom_heading text=\u00bbSesiones de reencarnaci\u00f3n\/retorno en un entor\u00bb][vc_column_text]La \u00abvuelta a la tierra\u00bb del alma suele denominarse reencarnaci\u00f3n o renacimiento. Cuestiones vitales, creencias, comportamientos, convicciones, problemas,?\u00a0 tienen su origen en un tiempo [&hellip;]\" \/>\n<meta property=\"og:url\" content=\"https:\/\/coachin.at\/reincornacion\/\" \/>\n<meta property=\"og:site_name\" content=\"Willkommen\" \/>\n<meta property=\"article:modified_time\" content=\"2021-02-07T16:08:52+00:00\" \/>\n<meta name=\"twitter:card\" content=\"summary_large_image\" \/>\n<meta name=\"twitter:label1\" content=\"Tiempo de lectura\" \/>\n\t<meta name=\"twitter:data1\" content=\"3 minutos\" \/>\n<script type=\"application\/ld+json\" class=\"yoast-schema-graph\">{\"@context\":\"https:\/\/schema.org\",\"@graph\":[{\"@type\":\"WebPage\",\"@id\":\"https:\/\/coachin.at\/reincornacion\/\",\"url\":\"https:\/\/coachin.at\/reincornacion\/\",\"name\":\"REINCORNACI\u00d3N - Willkommen\",\"isPartOf\":{\"@id\":\"https:\/\/coachin.at\/#website\"},\"datePublished\":\"2021-02-07T14:16:29+00:00\",\"dateModified\":\"2021-02-07T16:08:52+00:00\",\"breadcrumb\":{\"@id\":\"https:\/\/coachin.at\/reincornacion\/#breadcrumb\"},\"inLanguage\":\"es\",\"potentialAction\":[{\"@type\":\"ReadAction\",\"target\":[\"https:\/\/coachin.at\/reincornacion\/\"]}]},{\"@type\":\"BreadcrumbList\",\"@id\":\"https:\/\/coachin.at\/reincornacion\/#breadcrumb\",\"itemListElement\":[{\"@type\":\"ListItem\",\"position\":1,\"name\":\"Startseite\",\"item\":\"https:\/\/coachin.at\/es\/\"},{\"@type\":\"ListItem\",\"position\":2,\"name\":\"REINCORNACI\u00d3N\"}]},{\"@type\":\"WebSite\",\"@id\":\"https:\/\/coachin.at\/#website\",\"url\":\"https:\/\/coachin.at\/\",\"name\":\"Willkommen auf coachin.at\",\"description\":\"Cranio, Atmen, Coaching, Channeling\",\"potentialAction\":[{\"@type\":\"SearchAction\",\"target\":{\"@type\":\"EntryPoint\",\"urlTemplate\":\"https:\/\/coachin.at\/?s={search_term_string}\"},\"query-input\":{\"@type\":\"PropertyValueSpecification\",\"valueRequired\":true,\"valueName\":\"search_term_string\"}}],\"inLanguage\":\"es\"}]}<\/script>\n<!-- \/ Yoast SEO plugin. -->","yoast_head_json":{"title":"REINCORNACI\u00d3N - Willkommen","robots":{"index":"index","follow":"follow","max-snippet":"max-snippet:-1","max-image-preview":"max-image-preview:large","max-video-preview":"max-video-preview:-1"},"canonical":"https:\/\/coachin.at\/es\/reincornacion\/","og_locale":"es_ES","og_type":"article","og_title":"REINCORNACI\u00d3N - Willkommen","og_description":"[vc_row][vc_column][vc_custom_heading text=\u00bbSesiones de reencarnaci\u00f3n\/retorno en un entor\u00bb][vc_column_text]La \u00abvuelta a la tierra\u00bb del alma suele denominarse reencarnaci\u00f3n o renacimiento. Cuestiones vitales, creencias, comportamientos, convicciones, problemas,?\u00a0 tienen su origen en un tiempo [&hellip;]","og_url":"https:\/\/coachin.at\/reincornacion\/","og_site_name":"Willkommen","article_modified_time":"2021-02-07T16:08:52+00:00","twitter_card":"summary_large_image","twitter_misc":{"Tiempo de lectura":"3 minutos"},"schema":{"@context":"https:\/\/schema.org","@graph":[{"@type":"WebPage","@id":"https:\/\/coachin.at\/reincornacion\/","url":"https:\/\/coachin.at\/reincornacion\/","name":"REINCORNACI\u00d3N - Willkommen","isPartOf":{"@id":"https:\/\/coachin.at\/#website"},"datePublished":"2021-02-07T14:16:29+00:00","dateModified":"2021-02-07T16:08:52+00:00","breadcrumb":{"@id":"https:\/\/coachin.at\/reincornacion\/#breadcrumb"},"inLanguage":"es","potentialAction":[{"@type":"ReadAction","target":["https:\/\/coachin.at\/reincornacion\/"]}]},{"@type":"BreadcrumbList","@id":"https:\/\/coachin.at\/reincornacion\/#breadcrumb","itemListElement":[{"@type":"ListItem","position":1,"name":"Startseite","item":"https:\/\/coachin.at\/es\/"},{"@type":"ListItem","position":2,"name":"REINCORNACI\u00d3N"}]},{"@type":"WebSite","@id":"https:\/\/coachin.at\/#website","url":"https:\/\/coachin.at\/","name":"Willkommen auf coachin.at","description":"Cranio, Atmen, Coaching, Channeling","potentialAction":[{"@type":"SearchAction","target":{"@type":"EntryPoint","urlTemplate":"https:\/\/coachin.at\/?s={search_term_string}"},"query-input":{"@type":"PropertyValueSpecification","valueRequired":true,"valueName":"search_term_string"}}],"inLanguage":"es"}]}},"_links":{"self":[{"href":"https:\/\/coachin.at\/es\/wp-json\/wp\/v2\/pages\/7169","targetHints":{"allow":["GET"]}}],"collection":[{"href":"https:\/\/coachin.at\/es\/wp-json\/wp\/v2\/pages"}],"about":[{"href":"https:\/\/coachin.at\/es\/wp-json\/wp\/v2\/types\/page"}],"author":[{"embeddable":true,"href":"https:\/\/coachin.at\/es\/wp-json\/wp\/v2\/users\/1"}],"replies":[{"embeddable":true,"href":"https:\/\/coachin.at\/es\/wp-json\/wp\/v2\/comments?post=7169"}],"version-history":[{"count":3,"href":"https:\/\/coachin.at\/es\/wp-json\/wp\/v2\/pages\/7169\/revisions"}],"predecessor-version":[{"id":7209,"href":"https:\/\/coachin.at\/es\/wp-json\/wp\/v2\/pages\/7169\/revisions\/7209"}],"wp:attachment":[{"href":"https:\/\/coachin.at\/es\/wp-json\/wp\/v2\/media?parent=7169"}],"curies":[{"name":"wp","href":"https:\/\/api.w.org\/{rel}","templated":true}]}}