{"id":7161,"date":"2021-02-07T15:12:22","date_gmt":"2021-02-07T14:12:22","guid":{"rendered":"https:\/\/coachin.at\/sonidos-sonido-y-vibracion-y-meditacion\/"},"modified":"2021-02-07T15:12:22","modified_gmt":"2021-02-07T14:12:22","slug":"sonidos-sonido-y-vibracion-y-meditacion","status":"publish","type":"page","link":"https:\/\/coachin.at\/es\/sonidos-sonido-y-vibracion-y-meditacion\/","title":{"rendered":"SONIDOS, sonido y vibraci\u00f3n y meditaci\u00f3n"},"content":{"rendered":"<p>[vc_row][vc_column width=\u00bb1\/2&#8243;][vc_custom_heading text=\u00bbLos sonidos son una forma de comunicaci\u00f3n.\u00bb][vc_column_text]Durante muchos a\u00f1os he estado en contacto con Lady Mar\u00eda y soy canal de sus palabras y SONIDOS. El poder de las palabras y el sonido de los tonos, la vibraci\u00f3n, la energ\u00eda resultante son una expresi\u00f3n de la energ\u00eda canalizada y todo es comunicaci\u00f3n espiritual.<br \/>\nConecta con tu coraz\u00f3n y recibir\u00e1s con todos tus sentidos.<\/p>\n<p>Lady Maria me gui\u00f3 una vez m\u00e1s. Iba a ir a un lugar sagrado. Un monasterio que conozco desde hace mucho tiempo. All\u00ed iba a recibir los tonos curativos de Mar\u00eda para transmitirlos a todos vosotros, para llevarlos tambi\u00e9n al p\u00fablico.[\/vc_column_text][\/vc_column][vc_column width=\u00bb1\/2&#8243;][vc_video link=\u00bbhttps:\/\/youtu.be\/-K-9q1JjkgE\u00bb][\/vc_column][\/vc_row][vc_row][vc_column][vc_column_text]El sonido, los tonos est\u00e1n llenos de vibraci\u00f3n, energ\u00eda y pueden, si abres tu coraz\u00f3n a ello, transmitir informaci\u00f3n, energ\u00eda y mucho m\u00e1s.<\/p>\n<p>Se permiti\u00f3 que el c\u00edrculo se expandiera. La alegr\u00eda es, por tanto, grande.<br \/>\n2018 fue la 1\u00aa vez que puse estos sanadores y maravillosos SONIDOS y el mensaje asociado, la vibraci\u00f3n, el poder, la energ\u00eda, etc. en YouTube y Facebook.<br \/>\nEsa era la misi\u00f3n y, por lo tanto, el arranque de la misi\u00f3n. Salir al exterior con los sonidos y difundir la luz. Todos los corazones del alma quieren experimentar su apertura.<\/p>\n<p>Mientras tanto, siguieron muchas m\u00e1s grabaciones de tonos de meditaci\u00f3n, algunas de las cuales han sido y est\u00e1n siendo compartidas en Youtube y en las redes sociales.<br \/>\nQue los tonos curativos nos inspiren a todos y recibamos estos mensajes curativos.[\/vc_column_text][\/vc_column][\/vc_row][vc_row][vc_column][vc_column_text]<strong>Taller <\/strong>ATMS &#038; SOUNDS CIRCLE &#8211; encuentra tu tono\/sus propios SONIDOS en el CIRCULO, \u00bfqu\u00e9 es eso exactamente?<br \/>\n<\/strong><\/p>\n<p>Abra sus ATEMS y abra su(s) TONE(s).<\/p>\n<p>Todo el mundo tiene tonos \u00abinternos\u00bb, todo el mundo puede TONEAR.<br \/>\nAqu\u00ed puedes involucrarte con tonos y sonidos y probarte a ti mismo -.<br \/>\nNube de sonido con NIKA FEIST<\/p>\n<p>Los tonos\/sonidos curativos son una forma de comunicaci\u00f3n.<br \/>\nEscucha &#8211; \u00bfCu\u00e1l es el mensaje para ti?<\/p>\n<p>En otras culturas y mundos, gran parte o toda la comunicaci\u00f3n se hac\u00eda\/se hace a trav\u00e9s del sonido y el tono. &#8211; S\u00ed, incluso revivido. Se dice que en el antiguo Egipto, a falta de un desfibrilador, se lleg\u00f3 a resucitar a personas mediante tonos especialmente agudos y un maravilloso aceite de papiro.<\/p>\n<p><strong>En este taller<\/strong><br \/>\nAbrimos su acceso a la respiraci\u00f3n profunda abierta.<br \/>\nAprender a encontrar su\/s tono\/s.<br \/>\nPara experimentar<br \/>\nCon aliento\/tono y tonalidad<br \/>\nEntrar en armon\u00eda\/desarmon\u00eda con el grupo y<br \/>\ncomunicar.<br \/>\n\u00bfArmon\u00eda, consonancia, polifon\u00eda?<br \/>\nVeremos cu\u00e1l es el mensaje del grupo &#8230;.<br \/>\nTambi\u00e9n canalizar\u00e9 un mensaje en VIVO para el grupo sobre esto.<\/li>\n<p>.<\/p>\n<p>Sentirse libre<br \/>\nEncuentra tu tono, tus tonos.<\/p>\n<p>Deja que los tonos te envuelvan. ABRE TU CORAZ\u00d3N.<br \/>\nTodo el amor NIKA[\/vc_column_text][\/vc_column][\/vc_row]<\/p>\n","protected":false},"excerpt":{"rendered":"<p>[vc_row][vc_column width=\u00bb1\/2&#8243;][vc_custom_heading text=\u00bbLos sonidos son una forma de comunicaci\u00f3n.\u00bb][vc_column_text]Durante muchos a\u00f1os he estado en contacto con Lady Mar\u00eda y soy canal de sus palabras y SONIDOS. El poder de las [&hellip;]<\/p>\n","protected":false},"author":1,"featured_media":0,"parent":0,"menu_order":0,"comment_status":"closed","ping_status":"closed","template":"","meta":{"footnotes":""},"class_list":["post-7161","page","type-page","status-publish","hentry"],"yoast_head":"<!-- This site is optimized with the Yoast SEO plugin v24.2 - https:\/\/yoast.com\/wordpress\/plugins\/seo\/ -->\n<title>SONIDOS, sonido y vibraci\u00f3n y meditaci\u00f3n - Willkommen<\/title>\n<meta name=\"robots\" content=\"index, follow, max-snippet:-1, max-image-preview:large, max-video-preview:-1\" \/>\n<link rel=\"canonical\" href=\"https:\/\/coachin.at\/es\/sonidos-sonido-y-vibracion-y-meditacion\/\" \/>\n<meta property=\"og:locale\" content=\"es_ES\" \/>\n<meta property=\"og:type\" content=\"article\" \/>\n<meta property=\"og:title\" content=\"SONIDOS, sonido y vibraci\u00f3n y meditaci\u00f3n - Willkommen\" \/>\n<meta property=\"og:description\" content=\"[vc_row][vc_column width=\u00bb1\/2&#8243;][vc_custom_heading text=\u00bbLos sonidos son una forma de comunicaci\u00f3n.\u00bb][vc_column_text]Durante muchos a\u00f1os he estado en contacto con Lady Mar\u00eda y soy canal de sus palabras y SONIDOS. El poder de las [&hellip;]\" \/>\n<meta property=\"og:url\" content=\"https:\/\/coachin.at\/sonidos-sonido-y-vibracion-y-meditacion\/\" \/>\n<meta property=\"og:site_name\" content=\"Willkommen\" \/>\n<meta name=\"twitter:card\" content=\"summary_large_image\" \/>\n<meta name=\"twitter:label1\" content=\"Tiempo de lectura\" \/>\n\t<meta name=\"twitter:data1\" content=\"3 minutos\" \/>\n<script type=\"application\/ld+json\" class=\"yoast-schema-graph\">{\"@context\":\"https:\/\/schema.org\",\"@graph\":[{\"@type\":\"WebPage\",\"@id\":\"https:\/\/coachin.at\/sonidos-sonido-y-vibracion-y-meditacion\/\",\"url\":\"https:\/\/coachin.at\/sonidos-sonido-y-vibracion-y-meditacion\/\",\"name\":\"SONIDOS, sonido y vibraci\u00f3n y meditaci\u00f3n - Willkommen\",\"isPartOf\":{\"@id\":\"https:\/\/coachin.at\/#website\"},\"datePublished\":\"2021-02-07T14:12:22+00:00\",\"dateModified\":\"2021-02-07T14:12:22+00:00\",\"breadcrumb\":{\"@id\":\"https:\/\/coachin.at\/sonidos-sonido-y-vibracion-y-meditacion\/#breadcrumb\"},\"inLanguage\":\"es\",\"potentialAction\":[{\"@type\":\"ReadAction\",\"target\":[\"https:\/\/coachin.at\/sonidos-sonido-y-vibracion-y-meditacion\/\"]}]},{\"@type\":\"BreadcrumbList\",\"@id\":\"https:\/\/coachin.at\/sonidos-sonido-y-vibracion-y-meditacion\/#breadcrumb\",\"itemListElement\":[{\"@type\":\"ListItem\",\"position\":1,\"name\":\"Startseite\",\"item\":\"https:\/\/coachin.at\/es\/\"},{\"@type\":\"ListItem\",\"position\":2,\"name\":\"SONIDOS, sonido y vibraci\u00f3n y meditaci\u00f3n\"}]},{\"@type\":\"WebSite\",\"@id\":\"https:\/\/coachin.at\/#website\",\"url\":\"https:\/\/coachin.at\/\",\"name\":\"Willkommen auf coachin.at\",\"description\":\"Cranio, Atmen, Coaching, Channeling\",\"potentialAction\":[{\"@type\":\"SearchAction\",\"target\":{\"@type\":\"EntryPoint\",\"urlTemplate\":\"https:\/\/coachin.at\/?s={search_term_string}\"},\"query-input\":{\"@type\":\"PropertyValueSpecification\",\"valueRequired\":true,\"valueName\":\"search_term_string\"}}],\"inLanguage\":\"es\"}]}<\/script>\n<!-- \/ Yoast SEO plugin. -->","yoast_head_json":{"title":"SONIDOS, sonido y vibraci\u00f3n y meditaci\u00f3n - Willkommen","robots":{"index":"index","follow":"follow","max-snippet":"max-snippet:-1","max-image-preview":"max-image-preview:large","max-video-preview":"max-video-preview:-1"},"canonical":"https:\/\/coachin.at\/es\/sonidos-sonido-y-vibracion-y-meditacion\/","og_locale":"es_ES","og_type":"article","og_title":"SONIDOS, sonido y vibraci\u00f3n y meditaci\u00f3n - Willkommen","og_description":"[vc_row][vc_column width=\u00bb1\/2&#8243;][vc_custom_heading text=\u00bbLos sonidos son una forma de comunicaci\u00f3n.\u00bb][vc_column_text]Durante muchos a\u00f1os he estado en contacto con Lady Mar\u00eda y soy canal de sus palabras y SONIDOS. El poder de las [&hellip;]","og_url":"https:\/\/coachin.at\/sonidos-sonido-y-vibracion-y-meditacion\/","og_site_name":"Willkommen","twitter_card":"summary_large_image","twitter_misc":{"Tiempo de lectura":"3 minutos"},"schema":{"@context":"https:\/\/schema.org","@graph":[{"@type":"WebPage","@id":"https:\/\/coachin.at\/sonidos-sonido-y-vibracion-y-meditacion\/","url":"https:\/\/coachin.at\/sonidos-sonido-y-vibracion-y-meditacion\/","name":"SONIDOS, sonido y vibraci\u00f3n y meditaci\u00f3n - Willkommen","isPartOf":{"@id":"https:\/\/coachin.at\/#website"},"datePublished":"2021-02-07T14:12:22+00:00","dateModified":"2021-02-07T14:12:22+00:00","breadcrumb":{"@id":"https:\/\/coachin.at\/sonidos-sonido-y-vibracion-y-meditacion\/#breadcrumb"},"inLanguage":"es","potentialAction":[{"@type":"ReadAction","target":["https:\/\/coachin.at\/sonidos-sonido-y-vibracion-y-meditacion\/"]}]},{"@type":"BreadcrumbList","@id":"https:\/\/coachin.at\/sonidos-sonido-y-vibracion-y-meditacion\/#breadcrumb","itemListElement":[{"@type":"ListItem","position":1,"name":"Startseite","item":"https:\/\/coachin.at\/es\/"},{"@type":"ListItem","position":2,"name":"SONIDOS, sonido y vibraci\u00f3n y meditaci\u00f3n"}]},{"@type":"WebSite","@id":"https:\/\/coachin.at\/#website","url":"https:\/\/coachin.at\/","name":"Willkommen auf coachin.at","description":"Cranio, Atmen, Coaching, Channeling","potentialAction":[{"@type":"SearchAction","target":{"@type":"EntryPoint","urlTemplate":"https:\/\/coachin.at\/?s={search_term_string}"},"query-input":{"@type":"PropertyValueSpecification","valueRequired":true,"valueName":"search_term_string"}}],"inLanguage":"es"}]}},"_links":{"self":[{"href":"https:\/\/coachin.at\/es\/wp-json\/wp\/v2\/pages\/7161","targetHints":{"allow":["GET"]}}],"collection":[{"href":"https:\/\/coachin.at\/es\/wp-json\/wp\/v2\/pages"}],"about":[{"href":"https:\/\/coachin.at\/es\/wp-json\/wp\/v2\/types\/page"}],"author":[{"embeddable":true,"href":"https:\/\/coachin.at\/es\/wp-json\/wp\/v2\/users\/1"}],"replies":[{"embeddable":true,"href":"https:\/\/coachin.at\/es\/wp-json\/wp\/v2\/comments?post=7161"}],"version-history":[{"count":2,"href":"https:\/\/coachin.at\/es\/wp-json\/wp\/v2\/pages\/7161\/revisions"}],"predecessor-version":[{"id":7163,"href":"https:\/\/coachin.at\/es\/wp-json\/wp\/v2\/pages\/7161\/revisions\/7163"}],"wp:attachment":[{"href":"https:\/\/coachin.at\/es\/wp-json\/wp\/v2\/media?parent=7161"}],"curies":[{"name":"wp","href":"https:\/\/api.w.org\/{rel}","templated":true}]}}