{"id":7129,"date":"2021-02-07T14:32:30","date_gmt":"2021-02-07T13:32:30","guid":{"rendered":"https:\/\/coachin.at\/biodinamica-craneosacral\/"},"modified":"2024-09-07T11:46:10","modified_gmt":"2024-09-07T09:46:10","slug":"biodinamica-craneosacral","status":"publish","type":"page","link":"https:\/\/coachin.at\/es\/biodinamica-craneosacral\/","title":{"rendered":"BIODIN\u00c1MICA CRANEOSACRAL"},"content":{"rendered":"<p>[vc_row][vc_column width=\u00bb7\/12&#8243;][vc_custom_heading text=\u00bbBiodin\u00e1mica craneosacral\u00bb][vc_column_text]La biodin\u00e1mica craneosacral es un trabajo maravilloso y suave con todo el sistema corporal.<br \/>\nUn ambiente protegido y espacioso ofrece la posibilidad de calmar el sistema nervioso, soltar los m\u00fasculos y todo lo que se tiene.<br \/>\nSe hace posible una inmersi\u00f3n hol\u00edstica del cuerpo, la mente y el alma en la salud inherente, en los propios poderes corporales.<br \/>\nSentirse bien, relajarse, recuperarse y la activaci\u00f3n de los poderes de autocuraci\u00f3n ofrecen un espacio para la salutog\u00e9nesis y la resiliencia, el cuidado preventivo de la salud as\u00ed como el cuidado posterior.[\/vc_column_text][vc_row_inner][vc_column_inner][vc_text_separator title=\u00bb\u00bb i_type=\u00bbcustom-image\u00bb color=\u00bbcustom\u00bb style=\u00bbdashed\u00bb el_width=\u00bb40&#8243; add_icon=\u00bbtrue\u00bb image=\u00bb738&#8243; accent_color=\u00bb#a58251&#8243;][vc_custom_heading text=\u00bb\u00bfQu\u00e9 es la biodin\u00e1mica craneosacral?\u00bb font_container=\u00bbtag:h4|text_align:left\u00bb]<ul class='dt-sc-fancy-list '>\n<li><span class='fa fa-adjust'> <\/span><span style=\"font-family: Liberation Serif;\">es un trabajo corporal suave y no invasivo de la energ\u00eda humana<\/span><\/li>\n<li><span class='fa fa-adjust'> <\/span><span style=\"font-family: Liberation Serif;\">Asume la salud inherente al ser humano<\/span><\/li>\n<li><span class='fa fa-adjust'> <\/span><span style=\"font-family: Liberation Serif;\">Es una subespecialidad de la osteopat\u00eda<\/span><\/li>\n<li><span class='fa fa-adjust'> <\/span><span style=\"font-family: Liberation Serif;\">Promueve la rearmonizaci\u00f3n de los bloqueos emocionales y f\u00edsicos<\/span><\/li>\n<li><span class='fa fa-adjust'> <\/span><span style=\"font-family: Liberation Serif;\">Apoya la tendencia natural del cuerpo a equilibrarse y curarse. <\/span><\/li>\n<\/ul>[\/vc_column_inner][\/vc_row_inner][vc_empty_space height=\u00bb60&#8243;][\/vc_column][vc_column width=\u00bb5\/12&#8243;][vc_single_image image=\u00bb7354&#8243; img_size=\u00bbfull\u00bb][\/vc_column][\/vc_row][vc_row][vc_column][vc_custom_heading text=\u00bb\u00bfC\u00f3mo funciona el cr\u00e1neo?\u00bb font_container=\u00bbtag:h4|text_align:left\u00bb][vc_text_separator title=\u00bb\u00bb color=\u00bbcustom\u00bb style=\u00bbdashed\u00bb accent_color=\u00bb#a58251&#8243;][vc_column_text]Como practicante, coloco mis manos en diferentes partes del cuerpo, por ejemplo, los pies, la pelvis, la cabeza, etc. Mis manos escuchan las corrientes de fluidos en el cuerpo, puedes imaginarte esto como escuchar la radio en diferentes frecuencias. El tratamiento se realiza principalmente en silencio. El sanador interno del cliente puede activarse. Cranio es b\u00e1sicamente aplicable a todas las personas de cualquier edad. El cliente se acuesta vestido en el sof\u00e1.<\/p>\n<p><strong>NUEVO: FERNCRANIO<\/strong> c\u00f3modamente desde casa. Usted se acuesta c\u00f3modamente en su casa en un ambiente tranquilo, discutimos sus preocupaciones de antemano a trav\u00e9s de la videotelefon\u00eda y despu\u00e9s trabajo en silencio con usted y su sistema en armon\u00eda. Despu\u00e9s, concluimos la sesi\u00f3n con una conversaci\u00f3n conjunta.[\/vc_column_text][\/vc_column][\/vc_row][vc_row][vc_column][vc_custom_heading text=\u00bb\u00bfCu\u00e1ndo se utiliza Cranio?\u00bb font_container=\u00bbtag:h4|text_align:left\u00bb][vc_text_separator title=\u00bb\u00bb color=\u00bbcustom\u00bb style=\u00bbdashed\u00bb accent_color=\u00bb#a58251&#8243;][vc_column_text]Cranio proporciona un marco maravilloso, junto con la aclaraci\u00f3n m\u00e9dica de los s\u00edntomas, para apoyar la salud inherente que es fundamentalmente inherente a nuestros sistemas corporales. <strong>Las sesiones craneosacrales ofrecen un espacio para personas con indicaciones como:<\/strong>.[\/vc_column_text][vc_row_inner][vc_column_inner width=\u00bb1\/2&#8243;]<strong>Las sesiones craneosacrales ofrecen un espacio para personas con indicaciones como:<\/strong>.<\/p>\n<ul class='dt-sc-fancy-list '>\n<li><span class='fa fa-adjust'> <\/span>Afecciones de dolor cr\u00f3nico, dolores de cabeza, migra\u00f1as, dolor de espalda, dolor articular, dolor muscular<\/li>\n<li><span class='fa fa-adjust'> <\/span>para el dolor de cuello, la tensi\u00f3n en la espalda o las articulaciones<\/li>\n<li><span class='fa fa-adjust'> <\/span>Trastornos de la articulaci\u00f3n de la mand\u00edbula, sinusitis<\/li>\n<li><span class='fa fa-adjust'> <\/span>para el estr\u00e9s (hiperactividad, nerviosismo)<\/li>\n<li><span class='fa fa-adjust'> <\/span>para el tinnitus y el v\u00e9rtigo (mareos)<\/li>\n<li><span class='fa fa-adjust'> <\/span>para la fatiga y el agotamiento extremos<\/li>\n<li><span class='fa fa-adjust'> <\/span>para el estr\u00e9s laboral o familiar<\/li>\n<li><span class='fa fa-adjust'> <\/span>Cranio es, por lo tanto, tambi\u00e9n adecuado para la preparaci\u00f3n as\u00ed como para el cuidado posterior a la cirug\u00eda o a cuestiones profundas.<\/li>\n<\/ul>[\/vc_column_inner][vc_column_inner width=\u00bb1\/2&#8243;]<b>As\u00ed como para las personas interesadas en explorar<\/b>.<\/p>\n<ul class='dt-sc-fancy-list '>\n<li><span class='fa fa-adjust'> <\/span>Emociones y niveles de ser<\/li>\n<li><span class='fa fa-adjust'> <\/span>Conciencia de s\u00ed mismo<\/li>\n<li><span class='fa fa-adjust'> <\/span>Propiedad<\/li>\n<li><span class='fa fa-adjust'> <\/span>Conciencia del cuerpo<\/li>\n<li><span class='fa fa-adjust'> <\/span>Activar el propio potencial curativo<\/li>\n<li><span class='fa fa-adjust'> <\/span>Autorregulaci\u00f3n del sistema nervioso aut\u00f3nomo<\/li>\n<li><span class='fa fa-adjust'> <\/span>Regulaci\u00f3n del equilibrio interior<\/li>\n<li><span class='fa fa-adjust'> <\/span>Alivio de las restricciones<\/li>\n<li><span class='fa fa-adjust'> <\/span>Influencia en el metabolismo y la memoria celular<\/li>\n<\/ul>[\/vc_column_inner][\/vc_row_inner][\/vc_column][\/vc_row][vc_row][vc_column][vc_empty_space height=\u00bb130px\u00bb][\/vc_column][\/vc_row]<\/p>\n","protected":false},"excerpt":{"rendered":"<p>[vc_row][vc_column width=\u00bb7\/12&#8243;][vc_custom_heading text=\u00bbBiodin\u00e1mica craneosacral\u00bb][vc_column_text]La biodin\u00e1mica craneosacral es un trabajo maravilloso y suave con todo el sistema corporal. Un ambiente protegido y espacioso ofrece la posibilidad de calmar el sistema nervioso, [&hellip;]<\/p>\n","protected":false},"author":1,"featured_media":0,"parent":0,"menu_order":0,"comment_status":"closed","ping_status":"closed","template":"","meta":{"footnotes":""},"class_list":["post-7129","page","type-page","status-publish","hentry"],"yoast_head":"<!-- This site is optimized with the Yoast SEO plugin v24.2 - https:\/\/yoast.com\/wordpress\/plugins\/seo\/ -->\n<title>BIODIN\u00c1MICA CRANEOSACRAL - Willkommen<\/title>\n<meta name=\"robots\" content=\"index, follow, max-snippet:-1, max-image-preview:large, max-video-preview:-1\" \/>\n<link rel=\"canonical\" href=\"https:\/\/coachin.at\/es\/biodinamica-craneosacral\/\" \/>\n<meta property=\"og:locale\" content=\"es_ES\" \/>\n<meta property=\"og:type\" content=\"article\" \/>\n<meta property=\"og:title\" content=\"BIODIN\u00c1MICA CRANEOSACRAL - Willkommen\" \/>\n<meta property=\"og:description\" content=\"[vc_row][vc_column width=\u00bb7\/12&#8243;][vc_custom_heading text=\u00bbBiodin\u00e1mica craneosacral\u00bb][vc_column_text]La biodin\u00e1mica craneosacral es un trabajo maravilloso y suave con todo el sistema corporal. Un ambiente protegido y espacioso ofrece la posibilidad de calmar el sistema nervioso, [&hellip;]\" \/>\n<meta property=\"og:url\" content=\"https:\/\/coachin.at\/es\/biodinamica-craneosacral\/\" \/>\n<meta property=\"og:site_name\" content=\"Willkommen\" \/>\n<meta property=\"article:modified_time\" content=\"2024-09-07T09:46:10+00:00\" \/>\n<meta name=\"twitter:card\" content=\"summary_large_image\" \/>\n<meta name=\"twitter:label1\" content=\"Tiempo de lectura\" \/>\n\t<meta name=\"twitter:data1\" content=\"3 minutos\" \/>\n<script type=\"application\/ld+json\" class=\"yoast-schema-graph\">{\"@context\":\"https:\/\/schema.org\",\"@graph\":[{\"@type\":\"WebPage\",\"@id\":\"https:\/\/coachin.at\/es\/biodinamica-craneosacral\/\",\"url\":\"https:\/\/coachin.at\/es\/biodinamica-craneosacral\/\",\"name\":\"BIODIN\u00c1MICA CRANEOSACRAL - Willkommen\",\"isPartOf\":{\"@id\":\"https:\/\/coachin.at\/#website\"},\"datePublished\":\"2021-02-07T13:32:30+00:00\",\"dateModified\":\"2024-09-07T09:46:10+00:00\",\"breadcrumb\":{\"@id\":\"https:\/\/coachin.at\/es\/biodinamica-craneosacral\/#breadcrumb\"},\"inLanguage\":\"es\",\"potentialAction\":[{\"@type\":\"ReadAction\",\"target\":[\"https:\/\/coachin.at\/es\/biodinamica-craneosacral\/\"]}]},{\"@type\":\"BreadcrumbList\",\"@id\":\"https:\/\/coachin.at\/es\/biodinamica-craneosacral\/#breadcrumb\",\"itemListElement\":[{\"@type\":\"ListItem\",\"position\":1,\"name\":\"Startseite\",\"item\":\"https:\/\/coachin.at\/es\/\"},{\"@type\":\"ListItem\",\"position\":2,\"name\":\"BIODIN\u00c1MICA CRANEOSACRAL\"}]},{\"@type\":\"WebSite\",\"@id\":\"https:\/\/coachin.at\/#website\",\"url\":\"https:\/\/coachin.at\/\",\"name\":\"Willkommen auf coachin.at\",\"description\":\"Cranio, Atmen, Coaching, Channeling\",\"potentialAction\":[{\"@type\":\"SearchAction\",\"target\":{\"@type\":\"EntryPoint\",\"urlTemplate\":\"https:\/\/coachin.at\/?s={search_term_string}\"},\"query-input\":{\"@type\":\"PropertyValueSpecification\",\"valueRequired\":true,\"valueName\":\"search_term_string\"}}],\"inLanguage\":\"es\"}]}<\/script>\n<!-- \/ Yoast SEO plugin. -->","yoast_head_json":{"title":"BIODIN\u00c1MICA CRANEOSACRAL - Willkommen","robots":{"index":"index","follow":"follow","max-snippet":"max-snippet:-1","max-image-preview":"max-image-preview:large","max-video-preview":"max-video-preview:-1"},"canonical":"https:\/\/coachin.at\/es\/biodinamica-craneosacral\/","og_locale":"es_ES","og_type":"article","og_title":"BIODIN\u00c1MICA CRANEOSACRAL - Willkommen","og_description":"[vc_row][vc_column width=\u00bb7\/12&#8243;][vc_custom_heading text=\u00bbBiodin\u00e1mica craneosacral\u00bb][vc_column_text]La biodin\u00e1mica craneosacral es un trabajo maravilloso y suave con todo el sistema corporal. Un ambiente protegido y espacioso ofrece la posibilidad de calmar el sistema nervioso, [&hellip;]","og_url":"https:\/\/coachin.at\/es\/biodinamica-craneosacral\/","og_site_name":"Willkommen","article_modified_time":"2024-09-07T09:46:10+00:00","twitter_card":"summary_large_image","twitter_misc":{"Tiempo de lectura":"3 minutos"},"schema":{"@context":"https:\/\/schema.org","@graph":[{"@type":"WebPage","@id":"https:\/\/coachin.at\/es\/biodinamica-craneosacral\/","url":"https:\/\/coachin.at\/es\/biodinamica-craneosacral\/","name":"BIODIN\u00c1MICA CRANEOSACRAL - Willkommen","isPartOf":{"@id":"https:\/\/coachin.at\/#website"},"datePublished":"2021-02-07T13:32:30+00:00","dateModified":"2024-09-07T09:46:10+00:00","breadcrumb":{"@id":"https:\/\/coachin.at\/es\/biodinamica-craneosacral\/#breadcrumb"},"inLanguage":"es","potentialAction":[{"@type":"ReadAction","target":["https:\/\/coachin.at\/es\/biodinamica-craneosacral\/"]}]},{"@type":"BreadcrumbList","@id":"https:\/\/coachin.at\/es\/biodinamica-craneosacral\/#breadcrumb","itemListElement":[{"@type":"ListItem","position":1,"name":"Startseite","item":"https:\/\/coachin.at\/es\/"},{"@type":"ListItem","position":2,"name":"BIODIN\u00c1MICA CRANEOSACRAL"}]},{"@type":"WebSite","@id":"https:\/\/coachin.at\/#website","url":"https:\/\/coachin.at\/","name":"Willkommen auf coachin.at","description":"Cranio, Atmen, Coaching, Channeling","potentialAction":[{"@type":"SearchAction","target":{"@type":"EntryPoint","urlTemplate":"https:\/\/coachin.at\/?s={search_term_string}"},"query-input":{"@type":"PropertyValueSpecification","valueRequired":true,"valueName":"search_term_string"}}],"inLanguage":"es"}]}},"_links":{"self":[{"href":"https:\/\/coachin.at\/es\/wp-json\/wp\/v2\/pages\/7129","targetHints":{"allow":["GET"]}}],"collection":[{"href":"https:\/\/coachin.at\/es\/wp-json\/wp\/v2\/pages"}],"about":[{"href":"https:\/\/coachin.at\/es\/wp-json\/wp\/v2\/types\/page"}],"author":[{"embeddable":true,"href":"https:\/\/coachin.at\/es\/wp-json\/wp\/v2\/users\/1"}],"replies":[{"embeddable":true,"href":"https:\/\/coachin.at\/es\/wp-json\/wp\/v2\/comments?post=7129"}],"version-history":[{"count":10,"href":"https:\/\/coachin.at\/es\/wp-json\/wp\/v2\/pages\/7129\/revisions"}],"predecessor-version":[{"id":7356,"href":"https:\/\/coachin.at\/es\/wp-json\/wp\/v2\/pages\/7129\/revisions\/7356"}],"wp:attachment":[{"href":"https:\/\/coachin.at\/es\/wp-json\/wp\/v2\/media?parent=7129"}],"curies":[{"name":"wp","href":"https:\/\/api.w.org\/{rel}","templated":true}]}}