{"id":7117,"date":"2021-02-07T14:11:20","date_gmt":"2021-02-07T13:11:20","guid":{"rendered":"https:\/\/coachin.at\/pie-de-imprenta\/"},"modified":"2021-02-07T17:33:07","modified_gmt":"2021-02-07T16:33:07","slug":"pie-de-imprenta","status":"publish","type":"page","link":"https:\/\/coachin.at\/es\/pie-de-imprenta\/","title":{"rendered":"Pie de imprenta"},"content":{"rendered":"<p>[vc_row][vc_column][vc_custom_heading text=\u00bbPie de imprenta\u00bb][vc_column_text]Mag.a Nicole Nika Feist<br \/>\nSalierigasse 38<br \/>\n1180 Viena<\/p>\n<p>tel\u00e9fono: +43 664 7505 2747<br \/>\ncorreo: nika.feist@coachin.at<br \/>\nweb: www.coachin.at<\/p>\n<p>Facebook OPEN SPACE Insitut Nika Inca Maria Acompa\u00f1amiento Caminos de la Vida<\/p>\n<p>Biodin\u00e1mica craneosacral &#8211; Energ\u00eda humana empresarial<br \/>\nCoaching &amp; Formaci\u00f3n &#8211; Consultor\u00eda de Gesti\u00f3n Empresarial incluyendo Organizaci\u00f3n de Empresas<\/p>\n<p>ATU 62399719[\/vc_column_text][\/vc_column][\/vc_row][vc_row][vc_column width=\u00bb1\/6&#8243;][vc_single_image image=\u00bb7214&#8243; img_size=\u00bbmedium\u00bb][\/vc_column][vc_column width=\u00bb1\/6&#8243;][vc_single_image image=\u00bb7217&#8243; img_size=\u00bbfull\u00bb][\/vc_column][vc_column width=\u00bb1\/6&#8243;][\/vc_column][vc_column width=\u00bb1\/6&#8243;][\/vc_column][vc_column width=\u00bb1\/6&#8243;][\/vc_column][vc_column width=\u00bb1\/6&#8243;][\/vc_column][\/vc_row]<\/p>\n","protected":false},"excerpt":{"rendered":"<p>[vc_row][vc_column][vc_custom_heading text=\u00bbPie de imprenta\u00bb][vc_column_text]Mag.a Nicole Nika Feist Salierigasse 38 1180 Viena tel\u00e9fono: +43 664 7505 2747 correo: nika.feist@coachin.at web: www.coachin.at Facebook OPEN SPACE Insitut Nika Inca Maria Acompa\u00f1amiento Caminos de [&hellip;]<\/p>\n","protected":false},"author":1,"featured_media":0,"parent":0,"menu_order":0,"comment_status":"closed","ping_status":"closed","template":"","meta":{"footnotes":""},"class_list":["post-7117","page","type-page","status-publish","hentry"],"yoast_head":"<!-- This site is optimized with the Yoast SEO plugin v24.2 - https:\/\/yoast.com\/wordpress\/plugins\/seo\/ -->\n<title>Pie de imprenta - Willkommen<\/title>\n<meta name=\"robots\" content=\"index, follow, max-snippet:-1, max-image-preview:large, max-video-preview:-1\" \/>\n<link rel=\"canonical\" href=\"https:\/\/coachin.at\/es\/pie-de-imprenta\/\" \/>\n<meta property=\"og:locale\" content=\"es_ES\" \/>\n<meta property=\"og:type\" content=\"article\" \/>\n<meta property=\"og:title\" content=\"Pie de imprenta - Willkommen\" \/>\n<meta property=\"og:description\" content=\"[vc_row][vc_column][vc_custom_heading text=\u00bbPie de imprenta\u00bb][vc_column_text]Mag.a Nicole Nika Feist Salierigasse 38 1180 Viena tel\u00e9fono: +43 664 7505 2747 correo: nika.feist@coachin.at web: www.coachin.at Facebook OPEN SPACE Insitut Nika Inca Maria Acompa\u00f1amiento Caminos de [&hellip;]\" \/>\n<meta property=\"og:url\" content=\"https:\/\/coachin.at\/pie-de-imprenta\/\" \/>\n<meta property=\"og:site_name\" content=\"Willkommen\" \/>\n<meta property=\"article:modified_time\" content=\"2021-02-07T16:33:07+00:00\" \/>\n<meta name=\"twitter:card\" content=\"summary_large_image\" \/>\n<meta name=\"twitter:label1\" content=\"Tiempo de lectura\" \/>\n\t<meta name=\"twitter:data1\" content=\"1 minuto\" \/>\n<script type=\"application\/ld+json\" class=\"yoast-schema-graph\">{\"@context\":\"https:\/\/schema.org\",\"@graph\":[{\"@type\":\"WebPage\",\"@id\":\"https:\/\/coachin.at\/pie-de-imprenta\/\",\"url\":\"https:\/\/coachin.at\/pie-de-imprenta\/\",\"name\":\"Pie de imprenta - Willkommen\",\"isPartOf\":{\"@id\":\"https:\/\/coachin.at\/#website\"},\"datePublished\":\"2021-02-07T13:11:20+00:00\",\"dateModified\":\"2021-02-07T16:33:07+00:00\",\"breadcrumb\":{\"@id\":\"https:\/\/coachin.at\/pie-de-imprenta\/#breadcrumb\"},\"inLanguage\":\"es\",\"potentialAction\":[{\"@type\":\"ReadAction\",\"target\":[\"https:\/\/coachin.at\/pie-de-imprenta\/\"]}]},{\"@type\":\"BreadcrumbList\",\"@id\":\"https:\/\/coachin.at\/pie-de-imprenta\/#breadcrumb\",\"itemListElement\":[{\"@type\":\"ListItem\",\"position\":1,\"name\":\"Startseite\",\"item\":\"https:\/\/coachin.at\/es\/\"},{\"@type\":\"ListItem\",\"position\":2,\"name\":\"Pie de imprenta\"}]},{\"@type\":\"WebSite\",\"@id\":\"https:\/\/coachin.at\/#website\",\"url\":\"https:\/\/coachin.at\/\",\"name\":\"Willkommen auf coachin.at\",\"description\":\"Cranio, Atmen, Coaching, Channeling\",\"potentialAction\":[{\"@type\":\"SearchAction\",\"target\":{\"@type\":\"EntryPoint\",\"urlTemplate\":\"https:\/\/coachin.at\/?s={search_term_string}\"},\"query-input\":{\"@type\":\"PropertyValueSpecification\",\"valueRequired\":true,\"valueName\":\"search_term_string\"}}],\"inLanguage\":\"es\"}]}<\/script>\n<!-- \/ Yoast SEO plugin. -->","yoast_head_json":{"title":"Pie de imprenta - Willkommen","robots":{"index":"index","follow":"follow","max-snippet":"max-snippet:-1","max-image-preview":"max-image-preview:large","max-video-preview":"max-video-preview:-1"},"canonical":"https:\/\/coachin.at\/es\/pie-de-imprenta\/","og_locale":"es_ES","og_type":"article","og_title":"Pie de imprenta - Willkommen","og_description":"[vc_row][vc_column][vc_custom_heading text=\u00bbPie de imprenta\u00bb][vc_column_text]Mag.a Nicole Nika Feist Salierigasse 38 1180 Viena tel\u00e9fono: +43 664 7505 2747 correo: nika.feist@coachin.at web: www.coachin.at Facebook OPEN SPACE Insitut Nika Inca Maria Acompa\u00f1amiento Caminos de [&hellip;]","og_url":"https:\/\/coachin.at\/pie-de-imprenta\/","og_site_name":"Willkommen","article_modified_time":"2021-02-07T16:33:07+00:00","twitter_card":"summary_large_image","twitter_misc":{"Tiempo de lectura":"1 minuto"},"schema":{"@context":"https:\/\/schema.org","@graph":[{"@type":"WebPage","@id":"https:\/\/coachin.at\/pie-de-imprenta\/","url":"https:\/\/coachin.at\/pie-de-imprenta\/","name":"Pie de imprenta - Willkommen","isPartOf":{"@id":"https:\/\/coachin.at\/#website"},"datePublished":"2021-02-07T13:11:20+00:00","dateModified":"2021-02-07T16:33:07+00:00","breadcrumb":{"@id":"https:\/\/coachin.at\/pie-de-imprenta\/#breadcrumb"},"inLanguage":"es","potentialAction":[{"@type":"ReadAction","target":["https:\/\/coachin.at\/pie-de-imprenta\/"]}]},{"@type":"BreadcrumbList","@id":"https:\/\/coachin.at\/pie-de-imprenta\/#breadcrumb","itemListElement":[{"@type":"ListItem","position":1,"name":"Startseite","item":"https:\/\/coachin.at\/es\/"},{"@type":"ListItem","position":2,"name":"Pie de imprenta"}]},{"@type":"WebSite","@id":"https:\/\/coachin.at\/#website","url":"https:\/\/coachin.at\/","name":"Willkommen auf coachin.at","description":"Cranio, Atmen, Coaching, Channeling","potentialAction":[{"@type":"SearchAction","target":{"@type":"EntryPoint","urlTemplate":"https:\/\/coachin.at\/?s={search_term_string}"},"query-input":{"@type":"PropertyValueSpecification","valueRequired":true,"valueName":"search_term_string"}}],"inLanguage":"es"}]}},"_links":{"self":[{"href":"https:\/\/coachin.at\/es\/wp-json\/wp\/v2\/pages\/7117","targetHints":{"allow":["GET"]}}],"collection":[{"href":"https:\/\/coachin.at\/es\/wp-json\/wp\/v2\/pages"}],"about":[{"href":"https:\/\/coachin.at\/es\/wp-json\/wp\/v2\/types\/page"}],"author":[{"embeddable":true,"href":"https:\/\/coachin.at\/es\/wp-json\/wp\/v2\/users\/1"}],"replies":[{"embeddable":true,"href":"https:\/\/coachin.at\/es\/wp-json\/wp\/v2\/comments?post=7117"}],"version-history":[{"count":6,"href":"https:\/\/coachin.at\/es\/wp-json\/wp\/v2\/pages\/7117\/revisions"}],"predecessor-version":[{"id":7221,"href":"https:\/\/coachin.at\/es\/wp-json\/wp\/v2\/pages\/7117\/revisions\/7221"}],"wp:attachment":[{"href":"https:\/\/coachin.at\/es\/wp-json\/wp\/v2\/media?parent=7117"}],"curies":[{"name":"wp","href":"https:\/\/api.w.org\/{rel}","templated":true}]}}